{"id":5720,"date":"2018-10-22T13:45:00","date_gmt":"2018-10-22T13:45:00","guid":{"rendered":"https:\/\/www.ekko-wp.com\/?page_id=5720"},"modified":"2023-09-19T12:39:15","modified_gmt":"2023-09-19T12:39:15","slug":"per-partite-iva","status":"publish","type":"page","link":"\/itfattura\/per-partite-iva\/","title":{"rendered":"Per Partite IVA"},"content":{"rendered":"<section class=\"wpb-content-wrapper\"><p>[vc_row full_width=&#8221;stretch_row_content&#8221; kd_background_overlay=&#8221;gray-color&#8221; kd_background_image_position=&#8221;vc_row-bg-position-center&#8221; css=&#8221;.vc_custom_1685434053252{background-position: center !important;background-repeat: no-repeat !important;background-size: cover !important;}&#8221; css_tablet_landscape=&#8221;.vc_custom_1685434053253{padding-top: 50px !important;}&#8221; css_tablet_portrait=&#8221;.vc_custom_1685434053253{padding-top: 50px !important;}&#8221; css_mobile=&#8221;.vc_custom_1685434053253{padding-top: 50px !important;}&#8221;][vc_column offset=&#8221;vc_hidden-sm vc_hidden-xs&#8221;][vc_row_inner full_width=&#8221;inner_row_contained&#8221; content_placement=&#8221;middle&#8221; kd_background_overlay=&#8221;default&#8221; kd_background_image_position=&#8221;vc_row-bg-position-top&#8221; css=&#8221;.vc_custom_1649941768121{padding-top: 120px !important;padding-bottom: 30px !important;}&#8221; css_tablet_landscape=&#8221;.vc_custom_1649941768122{padding-top: 20px !important;}&#8221; css_tablet_portrait=&#8221;.vc_custom_1649941768122{padding-top: 20px !important;}&#8221; css_mobile=&#8221;.vc_custom_1649941768122{padding-top: 20px !important;}&#8221;][vc_column_inner css=&#8221;.vc_custom_1649941758071{padding-right: 75px !important;padding-bottom: 50px !important;padding-left: 0px !important;}&#8221; offset=&#8221;vc_col-lg-offset-0 vc_col-lg-6 vc_col-md-offset-0 vc_col-md-6 vc_col-sm-offset-0&#8243; css_tablet_landscape=&#8221;.vc_custom_1649941758071{padding-top: 80px !important;padding-right: 0px !important;}&#8221; css_tablet_portrait=&#8221;.vc_custom_1649941758071{padding-top: 60px !important;padding-right: 15px !important;padding-left: 15px !important;}&#8221; css_mobile=&#8221;.vc_custom_1649941758072{padding-right: 15px !important;padding-left: 15px !important;}&#8221;]<div class=\"kd-photo-group group-layout-left-right no-shadow enable-parallax disable-responsive\">\n                <div class=\"kd-group-image first-image-wrapper\" style=\"bottom: -5%;width: 250px;\"><img width=\"596\" height=\"1333\" src=\"\/itfattura\/wp-content\/uploads\/2023\/05\/meeting3.png\" class=\"attachment-full\" alt=\"\" decoding=\"async\" title=\"meeting3\" loading=\"lazy\" srcset=\"\/itfattura\/wp-content\/uploads\/2023\/05\/meeting3.png 596w, \/itfattura\/wp-content\/uploads\/2023\/05\/meeting3-134x300.png 134w, \/itfattura\/wp-content\/uploads\/2023\/05\/meeting3-458x1024.png 458w\" sizes=\"(max-width: 596px) 100vw, 596px\" \/><\/div>\n                <div class=\"kd-group-image second-image-wrapper\" style=\"bottom: 5%;width: 250px;\"><img width=\"442\" height=\"710\" src=\"\/itfattura\/wp-content\/uploads\/2023\/05\/Slide-professionisti.png\" class=\"attachment-full\" alt=\"\" decoding=\"async\" title=\"Slide-professionisti\" loading=\"lazy\" srcset=\"\/itfattura\/wp-content\/uploads\/2023\/05\/Slide-professionisti.png 442w, \/itfattura\/wp-content\/uploads\/2023\/05\/Slide-professionisti-187x300.png 187w\" sizes=\"(max-width: 442px) 100vw, 442px\" \/><\/div>\n            <\/div>[\/vc_column_inner][vc_column_inner css=&#8221;.vc_custom_1649159561692{padding-right: 35px !important;padding-left: 100px !important;}&#8221; offset=&#8221;vc_col-lg-offset-0 vc_col-lg-6 vc_col-md-offset-0 vc_col-md-6&#8243; css_tablet_landscape=&#8221;.vc_custom_1649159561693{padding-top: 100px !important;padding-right: 15px !important;padding-left: 15px !important;}&#8221; css_tablet_portrait=&#8221;.vc_custom_1649159561693{padding-top: 50px !important;padding-right: 15px !important;padding-left: 15px !important;}&#8221; css_mobile=&#8221;.vc_custom_1649159561693{padding-top: 50px !important;padding-right: 15px !important;padding-left: 15px !important;}&#8221;]<header class=\"kd-section-title col-lg-12 text-left  vc_custom_1695120985086\" ><p class=\"st-overline inherit-color\" style=\"font-size:14px;margin-bottom:20px;\">ALLA FATTURAZIONE CI PENSIAMO NOI<\/p><h2 class=\"kd-main-title separator_off\" style=\"margin-bottom:25px;\">Che tu sia un agente di commercio, un avvocato, un traduttore ora puoi concentrarti solo sul tuo lavoro<\/h2><h6 class=\"subtitle\" >Il mondo delle libere professioni \u00e8 un mondo in continua evoluzione e crescita secondo i trend degli ultimi 10 anni. Siete tanti, eterogenei ed eurofattura.it studia questi dati e monitora le esigenze. <b>Le Casse Previdenziali e le Ritenute Fiscali specifiche per ogni settore, sono correttamente implementate e calcolate, anche per la Fatturazione elettronica e l\u2019invio allo SdI.<\/b> Scopri tutti i nostri moduli a tua disposizione e semplificati il lavoro!<\/h6><\/header><a href=\"\/itfattura\/listino-prezzi-eurofattura\/\" target=\"_self\"   class=\"tt_button tt_primary_button btn_primary_color hover_solid_primary btn-align-left button-action-link\" data-text=\"Scegli il piano\"><span class=\"prim_text\">Scegli il piano<\/span><\/a>[\/vc_column_inner][\/vc_row_inner][\/vc_column][\/vc_row][vc_row full_width=&#8221;stretch_row_content&#8221; kd_background_overlay=&#8221;gray-color&#8221; kd_background_image_position=&#8221;vc_row-bg-position-center&#8221; css=&#8221;.vc_custom_1695127044871{background-position: center !important;background-repeat: no-repeat !important;background-size: cover !important;}&#8221; css_tablet_landscape=&#8221;.vc_custom_1695127044872{padding-top: 50px !important;}&#8221; css_tablet_portrait=&#8221;.vc_custom_1695127044872{padding-top: 50px !important;}&#8221;][vc_column offset=&#8221;vc_hidden-lg vc_hidden-md&#8221; css_mobile=&#8221;.vc_custom_1695127154944{margin-top: -115px !important;}&#8221;][vc_row_inner full_width=&#8221;inner_row_contained&#8221; content_placement=&#8221;middle&#8221; kd_background_overlay=&#8221;default&#8221; kd_background_image_position=&#8221;vc_row-bg-position-top&#8221; css=&#8221;.vc_custom_1695127077571{padding-top: 120px !important;padding-bottom: 30px !important;}&#8221; css_tablet_landscape=&#8221;.vc_custom_1695127077572{padding-top: 20px !important;}&#8221; css_tablet_portrait=&#8221;.vc_custom_1695127077572{padding-top: 20px !important;}&#8221;][vc_column_inner css=&#8221;.vc_custom_1649941758071{padding-right: 75px !important;padding-bottom: 50px !important;padding-left: 0px !important;}&#8221; offset=&#8221;vc_col-lg-offset-0 vc_col-lg-6 vc_col-md-offset-0 vc_col-md-6 vc_col-sm-offset-0&#8243; css_tablet_landscape=&#8221;.vc_custom_1649941758071{padding-top: 80px !important;padding-right: 0px !important;}&#8221; css_tablet_portrait=&#8221;.vc_custom_1649941758071{padding-top: 60px !important;padding-right: 15px !important;padding-left: 15px !important;}&#8221; css_mobile=&#8221;.vc_custom_1649941758072{padding-right: 15px !important;padding-left: 15px !important;}&#8221;]<header class=\"kd-section-title col-lg-12 text-left  vc_custom_1695120985086\" ><p class=\"st-overline inherit-color\" style=\"font-size:14px;margin-bottom:20px;\">ALLA FATTURAZIONE CI PENSIAMO NOI<\/p><h2 class=\"kd-main-title separator_off\" style=\"margin-bottom:25px;\">Che tu sia un agente di commercio, un avvocato, un traduttore ora puoi concentrarti solo sul tuo lavoro<\/h2><h6 class=\"subtitle\" >Il mondo delle libere professioni \u00e8 un mondo in continua evoluzione e crescita secondo i trend degli ultimi 10 anni. Siete tanti, eterogenei ed eurofattura.it studia questi dati e monitora le esigenze. <b>Le Casse Previdenziali e le Ritenute Fiscali specifiche per ogni settore, sono correttamente implementate e calcolate, anche per la Fatturazione elettronica e l\u2019invio allo SdI.<\/b> Scopri tutti i nostri moduli a tua disposizione e semplificati il lavoro!<\/h6><\/header><a href=\"\/itfattura\/listino-prezzi-eurofattura\/\" target=\"_self\"   class=\"tt_button tt_primary_button btn_primary_color hover_solid_primary btn-align-left button-action-link\" data-text=\"Scegli il piano\"><span class=\"prim_text\">Scegli il piano<\/span><\/a>[\/vc_column_inner][\/vc_row_inner][\/vc_column][\/vc_row][vc_row full_width=&#8221;stretch_row_content&#8221; kd_background_overlay=&#8221;gray-color&#8221; kd_background_image_position=&#8221;vc_row-bg-position-center&#8221; css=&#8221;.vc_custom_1685434053252{background-position: center !important;background-repeat: no-repeat !important;background-size: cover !important;}&#8221; css_tablet_landscape=&#8221;.vc_custom_1685434053253{padding-top: 50px !important;}&#8221; css_tablet_portrait=&#8221;.vc_custom_1685434053253{padding-top: 50px !important;}&#8221; css_mobile=&#8221;.vc_custom_1685434053253{padding-top: 50px !important;}&#8221;][vc_column][vc_row_inner full_width=&#8221;inner_row_contained&#8221; content_placement=&#8221;middle&#8221; kd_background_overlay=&#8221;default&#8221; kd_background_image_position=&#8221;vc_row-bg-position-top&#8221; css=&#8221;.vc_custom_1649941768121{padding-top: 120px !important;padding-bottom: 30px !important;}&#8221; css_tablet_landscape=&#8221;.vc_custom_1649941768122{padding-top: 20px !important;}&#8221; css_tablet_portrait=&#8221;.vc_custom_1649941768122{padding-top: 20px !important;}&#8221; css_mobile=&#8221;.vc_custom_1649941768122{padding-top: 20px !important;}&#8221;][vc_column_inner css=&#8221;.vc_custom_1649941758071{padding-right: 75px !important;padding-bottom: 50px !important;padding-left: 0px !important;}&#8221; offset=&#8221;vc_col-lg-offset-0 vc_col-lg-6 vc_col-md-offset-0 vc_col-md-6 vc_col-sm-offset-0&#8243; css_tablet_landscape=&#8221;.vc_custom_1649941758071{padding-top: 80px !important;padding-right: 0px !important;}&#8221; css_tablet_portrait=&#8221;.vc_custom_1649941758071{padding-top: 60px !important;padding-right: 15px !important;padding-left: 15px !important;}&#8221; css_mobile=&#8221;.vc_custom_1649941758072{padding-right: 15px !important;padding-left: 15px !important;}&#8221;][vc_single_image image=&#8221;13075&#8243; img_size=&#8221;full&#8221;][\/vc_column_inner][vc_column_inner css=&#8221;.vc_custom_1649159561692{padding-right: 35px !important;padding-left: 100px !important;}&#8221; offset=&#8221;vc_col-lg-offset-0 vc_col-lg-6 vc_col-md-offset-0 vc_col-md-6&#8243; css_tablet_landscape=&#8221;.vc_custom_1649159561693{padding-top: 100px !important;padding-right: 15px !important;padding-left: 15px !important;}&#8221; css_tablet_portrait=&#8221;.vc_custom_1649159561693{padding-top: 50px !important;padding-right: 15px !important;padding-left: 15px !important;}&#8221; css_mobile=&#8221;.vc_custom_1649159561693{padding-top: 50px !important;padding-right: 15px !important;padding-left: 15px !important;}&#8221;]<header class=\"kd-section-title col-lg-12 text-left  vc_custom_1695120999338\" ><p class=\"st-overline inherit-color\" style=\"font-size:14px;margin-bottom:20px;\">CALCOLO AUTOMATICO<\/p><h2 class=\"kd-main-title separator_off\" style=\"margin-bottom:25px;\">Casse Previdenziali e Ritenute Fiscali in Fatturazione Elettronica<\/h2><h6 class=\"subtitle\" >Le Casse Previdenziali e le Ritenute d\u2019acconto specifiche per ogni settore, sono tutte correttamente implementate e calcolate in Eurofattura.it, dovrai solo saper scegliere correttamente la tua dal men\u00f9 a tendina.<\/p>\n<p><b>I professionisti in Italia sono un popolo in continua crescita:<\/b> agenti di commercio, agenti di viaggio, scuole di lingue\u2026 e per richieste personalizzate non esitare a contattarci: la nostra assistenza tecnica \u00e8 a tua disposizione per creare template personalizzati e funzionalit\u00e0 ad hoc.<\/h6><\/header><a href=\"\/rit\/SignUp\" target=\"_self\"   class=\"tt_button tt_primary_button btn_secondary_color hover_solid_secondary btn-align-left button-action-link\" data-text=\"Iscriviti ora!\"><span class=\"prim_text\">Iscriviti ora!<\/span><\/a>[\/vc_column_inner][\/vc_row_inner][\/vc_column][\/vc_row][vc_row full_width=&#8221;stretch_row_content&#8221; kd_background_overlay=&#8221;default&#8221; kd_background_image_position=&#8221;vc_row-bg-position-top&#8221; css=&#8221;.vc_custom_1649942675354{padding-top: 130px !important;padding-bottom: 72px !important;}&#8221; css_tablet_portrait=&#8221;.vc_custom_1649942675354{padding-top: 100px !important;}&#8221; css_mobile=&#8221;.vc_custom_1649942675354{padding-top: 100px !important;}&#8221;][vc_column css=&#8221;.vc_custom_1599032616729{padding-right: 0px !important;padding-left: 0px !important;}&#8221;][vc_row_inner full_width=&#8221;inner_row_contained&#8221; kd_background_overlay=&#8221;default&#8221; kd_background_image_position=&#8221;vc_row-bg-position-top&#8221; css_tablet_landscape=&#8221;.vc_custom_1599578381530{margin-right: 0px !important;margin-left: 0px !important;border-radius: 0px !important;}&#8221; css_tablet_portrait=&#8221;.vc_custom_1599578381531{margin-right: 0px !important;margin-left: 0px !important;border-radius: 0px !important;}&#8221; css_mobile=&#8221;.vc_custom_1599578381532{margin-right: 0px !important;margin-left: 0px !important;border-radius: 0px !important;}&#8221;][vc_column_inner css=&#8221;.vc_custom_1600788075707{padding-left: 0px !important;}&#8221; offset=&#8221;vc_col-lg-offset-0 vc_col-lg-6 vc_col-md-offset-0 vc_col-sm-offset-0&#8243; css_tablet_landscape=&#8221;.vc_custom_1600788075708{margin-bottom: 50px !important;padding-top: 0px !important;padding-right: 0px !important;}&#8221; css_tablet_portrait=&#8221;.vc_custom_1600788075708{margin-bottom: 50px !important;padding-top: 0px !important;padding-right: 0px !important;}&#8221; css_mobile=&#8221;.vc_custom_1600788075709{margin-bottom: 50px !important;padding-top: 0px !important;padding-right: 15px !important;padding-left: 15px !important;}&#8221;][vc_toggle title=&#8221;Professionisti in Italia&#8221; open=&#8221;true&#8221; css_animation=&#8221;none&#8221;]Il Regime Forfettario \u00e8 l\u2019unico regime fiscale agevolato attualmente disponibile in Italia: garantisce un\u2019aliquota del 15% sull\u2019imponibile, ridotta al 5% per i primi cinque anni per chi avvia una nuova attivit\u00e0. Si tratta di un regime molto conveniente, in vigore dal 2015, che prende il posto di tutti gli altri regimi agevolati (delle nuove iniziative produttive, dei nuovi minimi e degli \u201cex minimi\u201d).[\/vc_toggle][vc_toggle title=&#8221;Professionisti commercianti e artigiani&#8221; css_animation=&#8221;none&#8221;]Non solo professionisti o commercianti, anche gli artigiani possono aderire al Regime Forfettario, risparmiando sull\u2019Aliquota IVA:<\/p>\n<ul>\n<li>Elettricista<\/li>\n<li>Estetista<\/li>\n<li>Falegname<\/li>\n<li>Fotografo<\/li>\n<li>Idraulico<\/li>\n<li>Impresa pulizie<\/li>\n<li>Lavaggio auto<\/li>\n<li>Muratore<\/li>\n<li>Parrucchiera<\/li>\n<li>Riparazioni auto<\/li>\n<li>Web designer<\/li>\n<\/ul>\n<p>[\/vc_toggle][vc_toggle title=&#8221;Nessuna installazione e accesso h24 da tutti i devices&#8221; css_animation=&#8221;none&#8221;]Tutto ci\u00f2 di cui hai bisogno per utilizzare Eurofattura.it \u00e8 una normale connessione Internet. Nessuna installazione, nessun software speciale. Puoi utilizzare il programma in Windows, MacOS, Linux e tutti i browser Internet su qualsiasi dispositivo.[\/vc_toggle][\/vc_column_inner][vc_column_inner offset=&#8221;vc_col-lg-offset-0 vc_col-lg-6 vc_col-md-offset-1 vc_col-sm-offset-1&#8243; css_tablet_landscape=&#8221;.vc_custom_1649941899106{padding-top: 50px !important;}&#8221; css_tablet_portrait=&#8221;.vc_custom_1649941899106{padding-top: 50px !important;}&#8221; css=&#8221;.vc_custom_1649941899106{padding-right: 0px !important;padding-left: 75px !important;}&#8221;]<div class=\"kd-photo-group group-layout-left-right no-shadow enable-parallax disable-responsive\">\n                <div class=\"kd-group-image first-image-wrapper\" style=\"bottom: -5%;width: 250px;\"><img width=\"281\" height=\"533\" src=\"\/itfattura\/wp-content\/uploads\/2023\/05\/Forfettari1.png\" class=\"attachment-full\" alt=\"\" decoding=\"async\" title=\"Forfettari1\" loading=\"lazy\" srcset=\"\/itfattura\/wp-content\/uploads\/2023\/05\/Forfettari1.png 281w, \/itfattura\/wp-content\/uploads\/2023\/05\/Forfettari1-158x300.png 158w\" sizes=\"(max-width: 281px) 100vw, 281px\" \/><\/div>\n                <div class=\"kd-group-image second-image-wrapper\" style=\"bottom: 5%;width: 250px;\"><img width=\"326\" height=\"568\" src=\"\/itfattura\/wp-content\/uploads\/2023\/05\/carpenter-works-with-tree-1.png\" class=\"attachment-full\" alt=\"\" decoding=\"async\" title=\"carpenter-works-with-tree-1\" loading=\"lazy\" srcset=\"\/itfattura\/wp-content\/uploads\/2023\/05\/carpenter-works-with-tree-1.png 326w, \/itfattura\/wp-content\/uploads\/2023\/05\/carpenter-works-with-tree-1-172x300.png 172w\" sizes=\"(max-width: 326px) 100vw, 326px\" \/><\/div>\n            <\/div>[\/vc_column_inner][\/vc_row_inner][\/vc_column][\/vc_row][vc_row full_width=&#8221;stretch_row&#8221; kd_background_overlay=&#8221;gray-color&#8221; kd_background_image_position=&#8221;vc_row-bg-position-top&#8221; css=&#8221;.vc_custom_1649942548275{padding-top: 100px !important;padding-bottom: 85px !important;}&#8221;][vc_column css=&#8221;.vc_custom_1515753185470{padding-right: 0px !important;padding-left: 0px !important;}&#8221;]<header class=\"kd-section-title col-lg-12 text-left  vc_custom_1695121025786\" ><p class=\"st-overline inherit-color\" style=\"font-size:14px;margin-bottom:20px;\">PACCHETTO GRATUITO<\/p><h2 class=\"kd-main-title separator_off\" style=\"margin-bottom:25px;\">1 utente + 10 contatti + 100 documenti al mese = gratis per sempre!<\/h2><h6 class=\"subtitle\" >Con l\u2019aiuto del nostro programma, la tua attivit\u00e0 diventer\u00e0 pi\u00f9 facile ed efficiente.<\/h6><\/header>[vc_column_text]Il Pacchetto Fatturazione consente inoltre:<\/p>\n<ul>\n<li>creazione fatture e preventivi<\/li>\n<li>invio ricezione delle fatture elettroniche dallo SdI<\/li>\n<li>impostazioni di qualsiasi aspetto delle fatture (loghi, testi, \u2026)<\/li>\n<li>invio dei documenti tramite e-mail<\/li>\n<li>collegamento con la tua banca ed importazione estratti conto<\/li>\n<li>fatturazione da time tracking<\/li>\n<li>possibilit\u00e0 di stampare fatture in una lingua e valuta straniera<\/li>\n<li>collegamenti tra documenti (offerta, preventivo, fattura, nota di credito, \u2026)<\/li>\n<li>generazione dei report di base<\/li>\n<li>assistenza clienti via e-mail<\/li>\n<\/ul>\n<p>[\/vc_column_text]<a href=\"\/itfattura\/tabella-confronto-prezzi\/\" target=\"_self\"   class=\"tt_button tt_primary_button btn_primary_color hover_solid_primary btn-align-left button-action-link   vc_custom_1695121727546\" data-text=\"Confronta i Piani\"><span class=\"prim_text\">Confronta i Piani<\/span><\/a><header class=\"kd-section-title col-lg-12 text-left  vc_custom_1695121038286\" ><p class=\"st-overline inherit-color\" style=\"font-size:14px;margin-bottom:20px;\">RIMBORSO SPESE<\/p><h2 class=\"kd-main-title separator_off\" style=\"margin-bottom:25px;\">E se viaggi molto, per te la speciale funzione nel modulo ordine di viaggio ti permetter\u00e0 di:<\/h2><h6 class=\"subtitle\" >Il modulo dell\u2019ordine di viaggio \u00e8 completamente integrato con gli altri moduli del programma e consente quindi la registrazione automatica dei conti delle spese di viaggio.<\/h6><\/header>[vc_column_text]All\u2019interno del modulo \u201cordini di viaggio\u201d di Eurofattura.it, troverai le seguenti funzionalit\u00e0:<\/p>\n<ul>\n<li>Scrittura e registrazione di ordini di viaggio e calcolo delle spese di viaggio, per viaggi di lavoro in Italia e all\u2019estero.<\/li>\n<li>Rendiconto elettronico delle spese di viaggio, stampa e invio per conferma e pagamento.<\/li>\n<li>Panoramica dei pagamenti e dei rimborsi.<\/li>\n<li>Elenco codici dei veicoli aziendali ed elenco dei codici dei percorsi di guida per viaggi frequenti.<\/li>\n<li>Libro dei tragitti per delimitare i costi di viaggi privati \u200b\u200be di lavoro quando si utilizzano veicoli aziendali per scopi privati \u200b\u200b(rating del credito).<\/li>\n<li>Report di viaggio.<\/li>\n<li>Possibilit\u00e0 di calcolare le giornaliere per pi\u00f9 Paesi su un ordine di viaggio.<\/li>\n<li>Controlli automatici della correttezza dell\u2019inserimento dei dati e fatturazione delle spese di viaggio e avvisi in caso di inserimenti dati insoliti.<\/li>\n<li>Importazione automatica dei dati correnti su tassi di cambio e chilometraggio.<\/li>\n<li>Importazione dei dati sui pagamenti dei pedaggi con la carta e la possibilit\u00e0 di stampare un rendiconto degli attraversamenti delle stazioni di pedaggio direttamente dalle fatture elettroniche. Il programma si collega automaticamente al server e importa i dati disponibili su transizioni e pagamenti e una trascrizione delle transizioni in PDF.<\/li>\n<li>Stampa dei report sugli ordini di viaggio calcolati per veicolo, dipendente e Paese.<\/li>\n<li>Esportazione dei dati in formato Excel.<\/li>\n<\/ul>\n<p>[\/vc_column_text][\/vc_column][\/vc_row][vc_row full_width=&#8221;stretch_row_content&#8221; kd_background_overlay=&#8221;default&#8221; kd_background_image_position=&#8221;vc_row-bg-position-top&#8221; css=&#8221;.vc_custom_1692691593546{padding-bottom: 65px !important;}&#8221;][vc_column][vc_cta h2=&#8221;Scegli l&#8217;aspetto della tua fattura dalla nostra galleria ed inizia subito ad usarla!&#8221; txt_align=&#8221;justify&#8221; color=&#8221;blue&#8221; add_button=&#8221;right&#8221; btn_title=&#8221;Vai alla gallery&#8221; btn_align=&#8221;right&#8221; btn_link=&#8221;url:%2Fitfattura%2Ffatturazione-gratita%2F|title:La%20tua%20prima%20Fattura&#8221;]<br \/>\n[\/vc_cta][\/vc_column][\/vc_row][vc_row full_width=&#8221;stretch_row&#8221; parallax=&#8221;content-moving&#8221; parallax_speed_bg=&#8221;1.25&#8243; disable_element=&#8221;yes&#8221; kd_background_overlay=&#8221;dark-color&#8221; kd_background_image_position=&#8221;vc_row-bg-position-top&#8221; css=&#8221;.vc_custom_1692691561372{background-image: url(http:\/\/www.vivatheme.com\/static\/wp-content\/uploads\/sites\/2\/2022\/03\/it-service-bg.jpg?id=) !important;}&#8221;][vc_column][vc_row_inner kd_background_overlay=&#8221;default&#8221; kd_background_image_position=&#8221;vc_row-bg-position-top&#8221; css=&#8221;.vc_custom_1597318956473{padding-top: 100px !important;padding-bottom: 100px !important;}&#8221;][vc_column_inner css=&#8221;.vc_custom_1516029043443{padding-right: 0px !important;padding-left: 0px !important;}&#8221;]<div class=\"slider testimonials carousel-module without-image testimonial-69fb318900dbf gray-navigation loop_on\" ><div class=\"tt-content \">\n                <div class=\"tt-content-inner\"><div class=\"tt-image\"><img src=\"http:\/\/www.vivatheme.com\/static\/wp-content\/uploads\/sites\/2\/2022\/03\/testimonial-1.jpg\" alt=\"\"  \/><\/div><div class=\"tt-container\" ><h5 style=\"color:#ffffff;\">Viva is perfect for building your dream landing page website without any coding.<\/h5><span class=\"author\" style=\"color: #ffffff;\">Martha Smith\n                    <span class=\"content\" style=\"color: #ffffff;\">CEO at Ritmo<\/span>\n                    <\/span>\n                <\/div><\/div>\n            <\/div><div class=\"tt-content \">\n                <div class=\"tt-content-inner\"><div class=\"tt-image\"><img src=\"http:\/\/www.vivatheme.com\/static\/wp-content\/uploads\/sites\/2\/2022\/03\/testimonial-2.jpg\" alt=\"\"  \/><\/div><div class=\"tt-container\" ><h5 style=\"color:#ffffff;\">Viva theme is meant to simplify the website building experience.<\/h5><span class=\"author\" style=\"color: #ffffff;\">Ernest Smith\n                    <span class=\"content\" style=\"color: #ffffff;\">Senior Analyst<\/span>\n                    <\/span>\n                <\/div><\/div>\n            <\/div><div class=\"tt-content \">\n                <div class=\"tt-content-inner\"><div class=\"tt-image\"><img src=\"http:\/\/www.vivatheme.com\/static\/wp-content\/uploads\/sites\/2\/2022\/03\/testimonial-3.jpg\" alt=\"\"  \/><\/div><div class=\"tt-container\" ><h5 style=\"color:#ffffff;\">Viva is perfect for building your dream landing page website without any coding.<\/h5><span class=\"author\" style=\"color: #ffffff;\">Monica Smith\n                    <span class=\"content\" style=\"color: #ffffff;\">Web Designer<\/span>\n                    <\/span>\n                <\/div><\/div>\n            <\/div><\/div><script>\n              jQuery(document).ready(function($){\n                if ($(\".slider.testimonials.testimonial-69fb318900dbf\").length) {\n                  $(\".slider.testimonials.testimonial-69fb318900dbf\").owlCarousel({\n                    stageClass: \"owl-wrapper\",\n                    stageOuterClass: \"owl-wrapper-outer\",\n                    loadedClass: \"owl-carousel\",\n                    responsive:{\n                        0:{\n                            dots: false,\n                            nav: true,\n                            navSpeed: 200,\n                        },\n                        1366:{nav: true,\n                              navSpeed: 200,\n                              dots: false,}\n                    },\n                    items: 1,loop: true, rewind: true,\n                  });\n                }\n              });\n            <\/script>[\/vc_column_inner][\/vc_row_inner][\/vc_column][\/vc_row]<\/p>\n<\/section>","protected":false},"excerpt":{"rendered":"<p>[vc_row full_width=&#8221;stretch_row_content&#8221; kd_background_overlay=&#8221;gray-color&#8221; kd_background_image_position=&#8221;vc_row-bg-position-center&#8221; css=&#8221;.vc_custom_1685434053252{background-position: center !important;background-repeat: no-repeat !important;background-size: cover !important;}&#8221; css_tablet_landscape=&#8221;.vc_custom_1685434053253{padding-top: 50px !important;}&#8221; css_tablet_portrait=&#8221;.vc_custom_1685434053253{padding-top: 50px !important;}&#8221; css_mobile=&#8221;.vc_custom_1685434053253{padding-top: 50px !important;}&#8221;][vc_column [&hellip;]<\/p>\n","protected":false},"author":2,"featured_media":0,"parent":0,"menu_order":0,"comment_status":"closed","ping_status":"closed","template":"","meta":{"footnotes":""},"aioseo_notices":[],"_links":{"self":[{"href":"\/itfattura\/wp-json\/wp\/v2\/pages\/5720"}],"collection":[{"href":"\/itfattura\/wp-json\/wp\/v2\/pages"}],"about":[{"href":"\/itfattura\/wp-json\/wp\/v2\/types\/page"}],"author":[{"embeddable":true,"href":"\/itfattura\/wp-json\/wp\/v2\/users\/2"}],"replies":[{"embeddable":true,"href":"\/itfattura\/wp-json\/wp\/v2\/comments?post=5720"}],"version-history":[{"count":64,"href":"\/itfattura\/wp-json\/wp\/v2\/pages\/5720\/revisions"}],"predecessor-version":[{"id":13466,"href":"\/itfattura\/wp-json\/wp\/v2\/pages\/5720\/revisions\/13466"}],"wp:attachment":[{"href":"\/itfattura\/wp-json\/wp\/v2\/media?parent=5720"}],"curies":[{"name":"wp","href":"https:\/\/api.w.org\/{rel}","templated":true}]}}